{"id":24,"date":"2017-05-02T15:58:42","date_gmt":"2017-05-02T13:58:42","guid":{"rendered":"https:\/\/www.imprimo.sk\/shop\/?post_type=product&#038;p=24"},"modified":"2022-10-24T13:18:26","modified_gmt":"2022-10-24T11:18:26","slug":"konica-minolta","status":"publish","type":"product","link":"https:\/\/www.imprimo.sk\/shop\/produkt\/konica-minolta\/","title":{"rendered":"KONICA MINOLTA"},"content":{"rendered":"","protected":false},"excerpt":{"rendered":"<p><span style=\"color: #000000; font-size: 14pt;\">6,40 \u20ac\u00a0bez DPH\u00a0<\/span><\/p>\n<p>Konica Minolta, A4 biely vysokokvalitn\u00fd kop\u00edrovac\u00ed papier, 80g\/m2, 210mm x 297mm, kart\u00f3n obsahuje 5 bal\u00edkov po 500 h\u00e1rkov papiera. <strong>Minim\u00e1lny odber je 5 bal\u00edkov, teda 1 kart\u00f3n.<\/strong><\/p>\n","protected":false},"featured_media":37,"template":"","meta":[],"product_cat":[15],"product_tag":[],"_links":{"self":[{"href":"https:\/\/www.imprimo.sk\/shop\/wp-json\/wp\/v2\/product\/24"}],"collection":[{"href":"https:\/\/www.imprimo.sk\/shop\/wp-json\/wp\/v2\/product"}],"about":[{"href":"https:\/\/www.imprimo.sk\/shop\/wp-json\/wp\/v2\/types\/product"}],"wp:featuredmedia":[{"embeddable":true,"href":"https:\/\/www.imprimo.sk\/shop\/wp-json\/wp\/v2\/media\/37"}],"wp:attachment":[{"href":"https:\/\/www.imprimo.sk\/shop\/wp-json\/wp\/v2\/media?parent=24"}],"wp:term":[{"taxonomy":"product_cat","embeddable":true,"href":"https:\/\/www.imprimo.sk\/shop\/wp-json\/wp\/v2\/product_cat?post=24"},{"taxonomy":"product_tag","embeddable":true,"href":"https:\/\/www.imprimo.sk\/shop\/wp-json\/wp\/v2\/product_tag?post=24"}],"curies":[{"name":"wp","href":"https:\/\/api.w.org\/{rel}","templated":true}]}}