{"id":22,"date":"2017-05-02T15:57:18","date_gmt":"2017-05-02T13:57:18","guid":{"rendered":"https:\/\/www.imprimo.sk\/shop\/?post_type=product&#038;p=22"},"modified":"2022-10-24T13:20:02","modified_gmt":"2022-10-24T11:20:02","slug":"image-impact","status":"publish","type":"product","link":"https:\/\/www.imprimo.sk\/shop\/produkt\/image-impact\/","title":{"rendered":"IMAGE IMPACT"},"content":{"rendered":"","protected":false},"excerpt":{"rendered":"<p><span style=\"color: #000000; font-size: 14pt;\">6,33 \u20ac\u00a0bez DPH<\/span><\/p>\n<p>Image, Impact, A4 biely kop\u00edrovac\u00ed papier, bezdrevn\u00fd ECF, 80g\/m2, 210mm x 297mm, kart\u00f3n obsahuje 5 bal\u00edkov po 500 h\u00e1rkov papiera.<\/p>\n<p>Image impact je vysokokvalitn\u00fd, ultra biely, hladk\u00fd kop\u00edrovac\u00ed papier. V\u010faka v\u00fdbornej farebnej kontrastnosti zaru\u010duje kvalitn\u00e9 v\u00fdstupy pri farebnej obr\u00e1zkovej tla\u010di. Vhodn\u00fd pre inkjet a laserov\u00fa tla\u010d. Ide\u00e1lna vo\u013eba pre reprezentat\u00edvnu firemn\u00fa komunik\u00e1ciu. <strong>Minim\u00e1lny odber je 5 bal\u00edkov, teda 1 kart\u00f3n.<\/strong><\/p>\n","protected":false},"featured_media":38,"template":"","meta":[],"product_cat":[15],"product_tag":[],"_links":{"self":[{"href":"https:\/\/www.imprimo.sk\/shop\/wp-json\/wp\/v2\/product\/22"}],"collection":[{"href":"https:\/\/www.imprimo.sk\/shop\/wp-json\/wp\/v2\/product"}],"about":[{"href":"https:\/\/www.imprimo.sk\/shop\/wp-json\/wp\/v2\/types\/product"}],"wp:featuredmedia":[{"embeddable":true,"href":"https:\/\/www.imprimo.sk\/shop\/wp-json\/wp\/v2\/media\/38"}],"wp:attachment":[{"href":"https:\/\/www.imprimo.sk\/shop\/wp-json\/wp\/v2\/media?parent=22"}],"wp:term":[{"taxonomy":"product_cat","embeddable":true,"href":"https:\/\/www.imprimo.sk\/shop\/wp-json\/wp\/v2\/product_cat?post=22"},{"taxonomy":"product_tag","embeddable":true,"href":"https:\/\/www.imprimo.sk\/shop\/wp-json\/wp\/v2\/product_tag?post=22"}],"curies":[{"name":"wp","href":"https:\/\/api.w.org\/{rel}","templated":true}]}}