{"id":15,"date":"2017-05-02T15:50:10","date_gmt":"2017-05-02T13:50:10","guid":{"rendered":"https:\/\/www.imprimo.sk\/shop\/?post_type=product&#038;p=15"},"modified":"2022-10-24T13:19:34","modified_gmt":"2022-10-24T11:19:34","slug":"image-volume","status":"publish","type":"product","link":"https:\/\/www.imprimo.sk\/shop\/produkt\/image-volume\/","title":{"rendered":"IMAGE VOLUME"},"content":{"rendered":"","protected":false},"excerpt":{"rendered":"<p><span style=\"font-size: 14pt; color: #000000;\">5,77 \u20ac\u00a0bez DPH<\/span><\/p>\n<p>Image volume, A4 biely kop\u00edrovac\u00ed papier, bezdrevn\u00fd ECF, 80g\/m2, 210mm x 297mm, kart\u00f3n obsahuje 5 bal\u00edkov po 500 h\u00e1rkov papiera.\u00a0<strong>Minim\u00e1lny odber je 5 bal\u00edkov, teda 1 kart\u00f3n.<\/strong><\/p>\n","protected":false},"featured_media":39,"template":"","meta":[],"product_cat":[15],"product_tag":[],"_links":{"self":[{"href":"https:\/\/www.imprimo.sk\/shop\/wp-json\/wp\/v2\/product\/15"}],"collection":[{"href":"https:\/\/www.imprimo.sk\/shop\/wp-json\/wp\/v2\/product"}],"about":[{"href":"https:\/\/www.imprimo.sk\/shop\/wp-json\/wp\/v2\/types\/product"}],"wp:featuredmedia":[{"embeddable":true,"href":"https:\/\/www.imprimo.sk\/shop\/wp-json\/wp\/v2\/media\/39"}],"wp:attachment":[{"href":"https:\/\/www.imprimo.sk\/shop\/wp-json\/wp\/v2\/media?parent=15"}],"wp:term":[{"taxonomy":"product_cat","embeddable":true,"href":"https:\/\/www.imprimo.sk\/shop\/wp-json\/wp\/v2\/product_cat?post=15"},{"taxonomy":"product_tag","embeddable":true,"href":"https:\/\/www.imprimo.sk\/shop\/wp-json\/wp\/v2\/product_tag?post=15"}],"curies":[{"name":"wp","href":"https:\/\/api.w.org\/{rel}","templated":true}]}}